{"id":420,"date":"2021-10-25T18:53:36","date_gmt":"2021-10-25T14:53:36","guid":{"rendered":"http:\/\/btlaw.flywheelsites.com\/representative-cases\/"},"modified":"2022-11-03T12:23:35","modified_gmt":"2022-11-03T17:23:35","slug":"representative-cases","status":"publish","type":"page","link":"https:\/\/bsckup.btattorneys.com\/es\/representative-cases\/","title":{"rendered":"Casos Representativos"},"content":{"rendered":"<p><em>Veredicto de defensa pronunciado despu\u00e9s de un juicio con jurado de dos semanas<\/em> (2019)<em>:<\/em>Obtuvo un veredicto de defensa sobre las reclamaciones de discriminaci\u00f3n por edad y represalias en una demanda multimillonaria contra una compa\u00f1\u00eda Fortune 500 despu\u00e9s de haber obtenido un veredicto dirigido sobre reclamos de difamaci\u00f3n contra la compa\u00f1\u00eda y un ejecutivo.<\/p>\n<p><em>Despido con prejuicio<\/em> (2019)<em>:<\/em> Obtenido un despido con prejuicio de las demandas presentadas bajo la Ley de Denunciantes Privados del estado de la Florida en la corte federal \u2013 <em>Jeanette Hathaway v. Ramco-Gershenson, Inc.<\/em>, Tribunal de Distrito de los Estados Unidos para el Distrito Sur del estado de la Florida, Caso No. 18-cv-61359-WPD.<\/p>\n<p><em>Veredicto del jurado de la corte federal<\/em> (2018)<em>:<\/em> Obtuvo un veredicto de defensa sobre reclamos de discriminaci\u00f3n, represalias e interferencia bajo la Ley de Licencia Familiar y M\u00e9dica, T\u00edtulo VII de la Ley de Derechos Civiles de 1964, y la Ley de Derechos Civiles del estado de la Florida \u2013 <em>Herbert Baussiquot v. Akal Security, Inc.<\/em>, Tribunal de Distrito de los Estados Unidos para el Distrito Sur del estado de la Florida, Caso No. 17-22446-Civ-Altonaga\/Goodman.<\/p>\n<p><em>Despido con prejuicio<\/em> (2014)<em>:<\/em> Obtuvo un despido con perjuicio de las demandas presentadas en virtud del T\u00edtulo VII de la Ley de Derechos Civiles de 1964 y por difamaci\u00f3n y conversi\u00f3n en tribunal federal \u2013 <em>Wimbley v. Doyon Sec. Servs., LLC<\/em>, Caso No14-CIV-20935-BLOOM\/Valle.<\/p>\n<p><em>Concesi\u00f3n de sentencia sumaria<\/em> (2014)<em>:<\/em> Obtuvo una sentencia sumaria en un caso que involucra denuncias de acoso sexual y represalias bajo la FCRA, as\u00ed como reclamos fuera del horario bajo la FLSA. <em>Alvino v. Equinox Holdings, Inc.<\/em>, No 14-80361-CIV-COHN\/SELTZER, 2014 U.S. Dist. LEXIS 161102 (S.D. Fla. Nov. 17, 2014).<\/p>\n<p><em>Desestimaci\u00f3n con prejuicio (2014):<\/em> Obtuvo la desestimaci\u00f3n con prejuicio en demandas de derecho com\u00fan de negligencia y provocaci\u00f3n intencional de estr\u00e9s emocional de la corte federal.<\/p>\n<p><em>Tribunal de Apelaciones de los Estados Unidos para el Und\u00e9cimo Circuito (afirmando la concesi\u00f3n de una sentencia sumaria)<\/em> (2013) \u2013 Obtuvo una opini\u00f3n favorable de la Corte de Apelaciones de los Estados Unidos afirmando la concesi\u00f3n de una sentencia sumaria sobre las reclamaciones de acoso sexual bajo el T\u00edtulo VII de la Ley de Derechos Civiles de 1964 \u2013 <em>White v. Creative Hairdressers Inc.<\/em>, Caso No. 11-16121.<\/p>\n<p><em>Concesi\u00f3n de sentencia sumaria<\/em> (2013\/2014): Obtuvo una sentencia sumaria en un caso que involucra trato dispar y reclamos de impacto dispar de discriminaci\u00f3n racial y de edad bajo la Ley de Discriminaci\u00f3n por Edad en el Empleo, T\u00edtulo VII de la Ley de Derechos Civiles de 1964 (\u201cT\u00edtulo VII\u201d), y la Ley de Derechos Civiles del estado de la Florida (\u201cFCRA\u201d), as\u00ed como una reclamaci\u00f3n de represalia bajo el T\u00edtulo VII y la FCRA que surja de una Reducci\u00f3n en la Fuerza. <em>Fuller v. Edwin B. Stimpson Co. Inc.<\/em>, No 11-61574-CIV-ROSENBAUM, 2014 U.S. App. LEXIS 137909 (S.D. Fla. May 21, 2014); <em>Fuller v. Edwin B. Stimpson Co. Inc.<\/em>, 971 F. Supp. 2d 1146 (S.D. Fla. 2013).<\/p>\n","protected":false},"excerpt":{"rendered":"<p>Veredicto de defensa pronunciado despu\u00e9s de un juicio con jurado de dos semanas (2019):Obtuvo un veredicto de defensa sobre las&nbsp;<a class=\"moretag\" href=\"https:\/\/bsckup.btattorneys.com\/es\/representative-cases\/\"> Read More&#8230;<\/a><\/p>\n","protected":false},"author":6,"featured_media":0,"parent":0,"menu_order":0,"comment_status":"closed","ping_status":"closed","template":"tmpl-landing.php","meta":{"_acf_changed":false,"inline_featured_image":false,"footnotes":""},"class_list":["post-420","page","type-page","status-publish","hentry"],"acf":[],"yoast_head":"<!-- This site is optimized with the Yoast SEO plugin v25.6 - https:\/\/yoast.com\/wordpress\/plugins\/seo\/ -->\n<title>Casos representativos - BT Law Group, PLLC | BT Law Group, PLLC<\/title>\n<meta name=\"robots\" content=\"noindex, follow, max-snippet:-1, max-image-preview:large, max-video-preview:-1\" \/>\n<meta property=\"og:locale\" content=\"es_ES\" \/>\n<meta property=\"og:type\" content=\"article\" \/>\n<meta property=\"og:title\" content=\"Casos representativos - BT Law Group, PLLC | BT Law Group, PLLC\" \/>\n<meta property=\"og:description\" content=\"Veredicto de defensa pronunciado despu\u00e9s de un juicio con jurado de dos semanas (2019):Obtuvo un veredicto de defensa sobre las&nbsp; Read More...\" \/>\n<meta property=\"og:url\" content=\"https:\/\/bsckup.btattorneys.com\/es\/representative-cases\/\" \/>\n<meta property=\"og:site_name\" content=\"BT Law Group, PLLC\" \/>\n<meta property=\"article:modified_time\" content=\"2022-11-03T17:23:35+00:00\" \/>\n<meta property=\"og:image\" content=\"https:\/\/bsckup.btattorneys.com\/wp-content\/uploads\/2019\/07\/logo_jpg_color.jpg\" \/>\n\t<meta property=\"og:image:width\" content=\"1817\" \/>\n\t<meta property=\"og:image:height\" content=\"687\" \/>\n\t<meta property=\"og:image:type\" content=\"image\/jpeg\" \/>\n<meta name=\"twitter:card\" content=\"summary_large_image\" \/>\n<meta name=\"twitter:label1\" content=\"Est. reading time\" \/>\n\t<meta name=\"twitter:data1\" content=\"2 minutes\" \/>\n<script type=\"application\/ld+json\" class=\"yoast-schema-graph\">{\"@context\":\"https:\/\/schema.org\",\"@graph\":[{\"@type\":\"WebPage\",\"@id\":\"https:\/\/bsckup.btattorneys.com\/es\/representative-cases\/\",\"url\":\"https:\/\/bsckup.btattorneys.com\/es\/representative-cases\/\",\"name\":\"Casos representativos - BT Law Group, PLLC | BT Law Group, PLLC\",\"isPartOf\":{\"@id\":\"https:\/\/bsckup.btattorneys.com\/es\/#website\"},\"datePublished\":\"2021-10-25T14:53:36+00:00\",\"dateModified\":\"2022-11-03T17:23:35+00:00\",\"breadcrumb\":{\"@id\":\"https:\/\/bsckup.btattorneys.com\/es\/representative-cases\/#breadcrumb\"},\"inLanguage\":\"es-ES\",\"potentialAction\":[{\"@type\":\"ReadAction\",\"target\":[\"https:\/\/bsckup.btattorneys.com\/es\/representative-cases\/\"]}]},{\"@type\":\"BreadcrumbList\",\"@id\":\"https:\/\/bsckup.btattorneys.com\/es\/representative-cases\/#breadcrumb\",\"itemListElement\":[{\"@type\":\"ListItem\",\"position\":1,\"name\":\"Home\",\"item\":\"https:\/\/bsckup.btattorneys.com\/es\/\"},{\"@type\":\"ListItem\",\"position\":2,\"name\":\"Casos Representativos\"}]},{\"@type\":\"WebSite\",\"@id\":\"https:\/\/bsckup.btattorneys.com\/es\/#website\",\"url\":\"https:\/\/bsckup.btattorneys.com\/es\/\",\"name\":\"BT Law Group, PLLC\",\"description\":\"Workplace &amp; Business Conflict Advocates in Miami, FL\",\"publisher\":{\"@id\":\"https:\/\/bsckup.btattorneys.com\/es\/#organization\"},\"potentialAction\":[{\"@type\":\"SearchAction\",\"target\":{\"@type\":\"EntryPoint\",\"urlTemplate\":\"https:\/\/bsckup.btattorneys.com\/es\/?s={search_term_string}\"},\"query-input\":{\"@type\":\"PropertyValueSpecification\",\"valueRequired\":true,\"valueName\":\"search_term_string\"}}],\"inLanguage\":\"es-ES\"},{\"@type\":\"Organization\",\"@id\":\"https:\/\/bsckup.btattorneys.com\/es\/#organization\",\"name\":\"BT Law Group, PLLC\",\"url\":\"https:\/\/bsckup.btattorneys.com\/es\/\",\"logo\":{\"@type\":\"ImageObject\",\"inLanguage\":\"es-ES\",\"@id\":\"https:\/\/bsckup.btattorneys.com\/es\/#\/schema\/logo\/image\/\",\"url\":\"https:\/\/bsckup.btattorneys.com\/wp-content\/uploads\/2019\/07\/logo_jpg_color.jpg\",\"contentUrl\":\"https:\/\/bsckup.btattorneys.com\/wp-content\/uploads\/2019\/07\/logo_jpg_color.jpg\",\"width\":1817,\"height\":687,\"caption\":\"BT Law Group, PLLC\"},\"image\":{\"@id\":\"https:\/\/bsckup.btattorneys.com\/es\/#\/schema\/logo\/image\/\"}}]}<\/script>\n<!-- \/ Yoast SEO plugin. -->","yoast_head_json":{"title":"Casos representativos - BT Law Group, PLLC | BT Law Group, PLLC","robots":{"index":"noindex","follow":"follow","max-snippet":"max-snippet:-1","max-image-preview":"max-image-preview:large","max-video-preview":"max-video-preview:-1"},"og_locale":"es_ES","og_type":"article","og_title":"Casos representativos - BT Law Group, PLLC | BT Law Group, PLLC","og_description":"Veredicto de defensa pronunciado despu\u00e9s de un juicio con jurado de dos semanas (2019):Obtuvo un veredicto de defensa sobre las&nbsp; Read More...","og_url":"https:\/\/bsckup.btattorneys.com\/es\/representative-cases\/","og_site_name":"BT Law Group, PLLC","article_modified_time":"2022-11-03T17:23:35+00:00","og_image":[{"width":1817,"height":687,"url":"https:\/\/bsckup.btattorneys.com\/wp-content\/uploads\/2019\/07\/logo_jpg_color.jpg","type":"image\/jpeg"}],"twitter_card":"summary_large_image","twitter_misc":{"Est. reading time":"2 minutes"},"schema":{"@context":"https:\/\/schema.org","@graph":[{"@type":"WebPage","@id":"https:\/\/bsckup.btattorneys.com\/es\/representative-cases\/","url":"https:\/\/bsckup.btattorneys.com\/es\/representative-cases\/","name":"Casos representativos - BT Law Group, PLLC | BT Law Group, PLLC","isPartOf":{"@id":"https:\/\/bsckup.btattorneys.com\/es\/#website"},"datePublished":"2021-10-25T14:53:36+00:00","dateModified":"2022-11-03T17:23:35+00:00","breadcrumb":{"@id":"https:\/\/bsckup.btattorneys.com\/es\/representative-cases\/#breadcrumb"},"inLanguage":"es-ES","potentialAction":[{"@type":"ReadAction","target":["https:\/\/bsckup.btattorneys.com\/es\/representative-cases\/"]}]},{"@type":"BreadcrumbList","@id":"https:\/\/bsckup.btattorneys.com\/es\/representative-cases\/#breadcrumb","itemListElement":[{"@type":"ListItem","position":1,"name":"Home","item":"https:\/\/bsckup.btattorneys.com\/es\/"},{"@type":"ListItem","position":2,"name":"Casos Representativos"}]},{"@type":"WebSite","@id":"https:\/\/bsckup.btattorneys.com\/es\/#website","url":"https:\/\/bsckup.btattorneys.com\/es\/","name":"BT Law Group, PLLC","description":"Workplace &amp; Business Conflict Advocates in Miami, FL","publisher":{"@id":"https:\/\/bsckup.btattorneys.com\/es\/#organization"},"potentialAction":[{"@type":"SearchAction","target":{"@type":"EntryPoint","urlTemplate":"https:\/\/bsckup.btattorneys.com\/es\/?s={search_term_string}"},"query-input":{"@type":"PropertyValueSpecification","valueRequired":true,"valueName":"search_term_string"}}],"inLanguage":"es-ES"},{"@type":"Organization","@id":"https:\/\/bsckup.btattorneys.com\/es\/#organization","name":"BT Law Group, PLLC","url":"https:\/\/bsckup.btattorneys.com\/es\/","logo":{"@type":"ImageObject","inLanguage":"es-ES","@id":"https:\/\/bsckup.btattorneys.com\/es\/#\/schema\/logo\/image\/","url":"https:\/\/bsckup.btattorneys.com\/wp-content\/uploads\/2019\/07\/logo_jpg_color.jpg","contentUrl":"https:\/\/bsckup.btattorneys.com\/wp-content\/uploads\/2019\/07\/logo_jpg_color.jpg","width":1817,"height":687,"caption":"BT Law Group, PLLC"},"image":{"@id":"https:\/\/bsckup.btattorneys.com\/es\/#\/schema\/logo\/image\/"}}]}},"_links":{"self":[{"href":"https:\/\/bsckup.btattorneys.com\/es\/wp-json\/wp\/v2\/pages\/420","targetHints":{"allow":["GET"]}}],"collection":[{"href":"https:\/\/bsckup.btattorneys.com\/es\/wp-json\/wp\/v2\/pages"}],"about":[{"href":"https:\/\/bsckup.btattorneys.com\/es\/wp-json\/wp\/v2\/types\/page"}],"author":[{"embeddable":true,"href":"https:\/\/bsckup.btattorneys.com\/es\/wp-json\/wp\/v2\/users\/6"}],"replies":[{"embeddable":true,"href":"https:\/\/bsckup.btattorneys.com\/es\/wp-json\/wp\/v2\/comments?post=420"}],"version-history":[{"count":6,"href":"https:\/\/bsckup.btattorneys.com\/es\/wp-json\/wp\/v2\/pages\/420\/revisions"}],"predecessor-version":[{"id":2773,"href":"https:\/\/bsckup.btattorneys.com\/es\/wp-json\/wp\/v2\/pages\/420\/revisions\/2773"}],"wp:attachment":[{"href":"https:\/\/bsckup.btattorneys.com\/es\/wp-json\/wp\/v2\/media?parent=420"}],"curies":[{"name":"wp","href":"https:\/\/api.w.org\/{rel}","templated":true}]}}