{"id":390,"date":"2021-10-23T03:03:53","date_gmt":"2021-10-22T23:03:53","guid":{"rendered":"http:\/\/btlaw.flywheelsites.com\/ley-de-reclamaciones-falsas\/"},"modified":"2022-11-03T12:17:30","modified_gmt":"2022-11-03T17:17:30","slug":"ley-de-reclamaciones-falsas","status":"publish","type":"page","link":"https:\/\/bsckup.btattorneys.com\/es\/areas-de-practica-de-derecho-laboral\/ley-de-reclamaciones-falsas\/","title":{"rendered":"Ley de Reclamaciones Falsas"},"content":{"rendered":"<h2>Abogados en el Condado de Miami-Dade Sobre la Ley de Reclamaciones Falsas<\/h2>\n<p>La Ley de Reclamaciones Falsas es una ley federal que impone responsabilidad a las empresas y personas que defraudan al gobierno. La ley incluye una disposici\u00f3n qui tam que los empleados que no est\u00e1n afiliados al gobierno, llamados \u201crelatores,\u201d para presentar acciones en nombre del gobierno (com\u00fanmente conocido como \u201cwhistleblowing\u201d). La Ley de Reclamaciones Falsas cubre actos como hacer una reclamaci\u00f3n falsa de pago al gobierno. Las reclamaciones bajo la Ley de Reclamaciones Falsas tienen requisitos procesales \u00fanicos que deben cumplirse para enjuiciar y usar en defensa de tales reclamos.<\/p>\n<p><strong>P\u00f3ngase en <a href=\"https:\/\/bsckup.btattorneys.com\/contact-us\/\">contacto con un abogado<\/a> de empleo con experiencia en BT Law Group para buscar ayuda en la realizaci\u00f3n de una reclamaci\u00f3n bajo la Ley de Reclamaciones Falsas o para defender a su empresa de una reclamaci\u00f3n de la Ley de Reclamaciones Falsas.<\/strong><\/p>\n","protected":false},"excerpt":{"rendered":"<p>Abogados en el Condado de Miami-Dade Sobre la Ley de Reclamaciones Falsas La Ley de Reclamaciones Falsas es una ley&nbsp;<a class=\"moretag\" href=\"https:\/\/bsckup.btattorneys.com\/es\/areas-de-practica-de-derecho-laboral\/ley-de-reclamaciones-falsas\/\"> Read More&#8230;<\/a><\/p>\n","protected":false},"author":6,"featured_media":0,"parent":606,"menu_order":0,"comment_status":"closed","ping_status":"closed","template":"tmpl-landing.php","meta":{"_acf_changed":false,"inline_featured_image":false,"footnotes":""},"class_list":["post-390","page","type-page","status-publish","hentry"],"acf":[],"yoast_head":"<!-- This site is optimized with the Yoast SEO plugin v25.6 - https:\/\/yoast.com\/wordpress\/plugins\/seo\/ -->\n<title>Abogado de Reclamos Falsos en Miami | BT Law | Su abogado de reclamos laborales falsos | BT Law Group, PLLC<\/title>\n<meta name=\"description\" content=\"Los abogados de reclamos falsos de Miami brindan a los clientes consejos experimentados y perspicaces para manejar todos los aspectos de las investigaciones y litigios de reclamaciones falsas. Llame a nuestros Abogados de Reclamos de Trabajo Falsos ahora.\" \/>\n<meta name=\"robots\" content=\"noindex, follow, max-snippet:-1, max-image-preview:large, max-video-preview:-1\" \/>\n<meta property=\"og:locale\" content=\"es_ES\" \/>\n<meta property=\"og:type\" content=\"article\" \/>\n<meta property=\"og:title\" content=\"Abogado de Reclamos Falsos en Miami | BT Law | Su abogado de reclamos laborales falsos | BT Law Group, PLLC\" \/>\n<meta property=\"og:description\" content=\"Los abogados de reclamos falsos de Miami brindan a los clientes consejos experimentados y perspicaces para manejar todos los aspectos de las investigaciones y litigios de reclamaciones falsas. Llame a nuestros Abogados de Reclamos de Trabajo Falsos ahora.\" \/>\n<meta property=\"og:url\" content=\"https:\/\/bsckup.btattorneys.com\/es\/areas-de-practica-de-derecho-laboral\/ley-de-reclamaciones-falsas\/\" \/>\n<meta property=\"og:site_name\" content=\"BT Law Group, PLLC\" \/>\n<meta property=\"article:modified_time\" content=\"2022-11-03T17:17:30+00:00\" \/>\n<meta property=\"og:image\" content=\"https:\/\/bsckup.btattorneys.com\/wp-content\/uploads\/2019\/07\/logo_jpg_color.jpg\" \/>\n\t<meta property=\"og:image:width\" content=\"1817\" \/>\n\t<meta property=\"og:image:height\" content=\"687\" \/>\n\t<meta property=\"og:image:type\" content=\"image\/jpeg\" \/>\n<meta name=\"twitter:card\" content=\"summary_large_image\" \/>\n<meta name=\"twitter:label1\" content=\"Est. reading time\" \/>\n\t<meta name=\"twitter:data1\" content=\"1 minute\" \/>\n<script type=\"application\/ld+json\" class=\"yoast-schema-graph\">{\"@context\":\"https:\/\/schema.org\",\"@graph\":[{\"@type\":\"WebPage\",\"@id\":\"https:\/\/bsckup.btattorneys.com\/es\/areas-de-practica-de-derecho-laboral\/ley-de-reclamaciones-falsas\/\",\"url\":\"https:\/\/bsckup.btattorneys.com\/es\/areas-de-practica-de-derecho-laboral\/ley-de-reclamaciones-falsas\/\",\"name\":\"Abogado de Reclamos Falsos en Miami | BT Law | Su abogado de reclamos laborales falsos | BT Law Group, PLLC\",\"isPartOf\":{\"@id\":\"https:\/\/bsckup.btattorneys.com\/es\/#website\"},\"datePublished\":\"2021-10-22T23:03:53+00:00\",\"dateModified\":\"2022-11-03T17:17:30+00:00\",\"description\":\"Los abogados de reclamos falsos de Miami brindan a los clientes consejos experimentados y perspicaces para manejar todos los aspectos de las investigaciones y litigios de reclamaciones falsas. Llame a nuestros Abogados de Reclamos de Trabajo Falsos ahora.\",\"breadcrumb\":{\"@id\":\"https:\/\/bsckup.btattorneys.com\/es\/areas-de-practica-de-derecho-laboral\/ley-de-reclamaciones-falsas\/#breadcrumb\"},\"inLanguage\":\"es-ES\",\"potentialAction\":[{\"@type\":\"ReadAction\",\"target\":[\"https:\/\/bsckup.btattorneys.com\/es\/areas-de-practica-de-derecho-laboral\/ley-de-reclamaciones-falsas\/\"]}]},{\"@type\":\"BreadcrumbList\",\"@id\":\"https:\/\/bsckup.btattorneys.com\/es\/areas-de-practica-de-derecho-laboral\/ley-de-reclamaciones-falsas\/#breadcrumb\",\"itemListElement\":[{\"@type\":\"ListItem\",\"position\":1,\"name\":\"Home\",\"item\":\"https:\/\/bsckup.btattorneys.com\/es\/\"},{\"@type\":\"ListItem\",\"position\":2,\"name\":\"\u00c1reas de Pr\u00e1ctica de Derecho Laboral\",\"item\":\"https:\/\/bsckup.btattorneys.com\/es\/areas-de-practica-de-derecho-laboral\/\"},{\"@type\":\"ListItem\",\"position\":3,\"name\":\"Ley de Reclamaciones Falsas\"}]},{\"@type\":\"WebSite\",\"@id\":\"https:\/\/bsckup.btattorneys.com\/es\/#website\",\"url\":\"https:\/\/bsckup.btattorneys.com\/es\/\",\"name\":\"BT Law Group, PLLC\",\"description\":\"Workplace &amp; Business Conflict Advocates in Miami, FL\",\"publisher\":{\"@id\":\"https:\/\/bsckup.btattorneys.com\/es\/#organization\"},\"potentialAction\":[{\"@type\":\"SearchAction\",\"target\":{\"@type\":\"EntryPoint\",\"urlTemplate\":\"https:\/\/bsckup.btattorneys.com\/es\/?s={search_term_string}\"},\"query-input\":{\"@type\":\"PropertyValueSpecification\",\"valueRequired\":true,\"valueName\":\"search_term_string\"}}],\"inLanguage\":\"es-ES\"},{\"@type\":\"Organization\",\"@id\":\"https:\/\/bsckup.btattorneys.com\/es\/#organization\",\"name\":\"BT Law Group, PLLC\",\"url\":\"https:\/\/bsckup.btattorneys.com\/es\/\",\"logo\":{\"@type\":\"ImageObject\",\"inLanguage\":\"es-ES\",\"@id\":\"https:\/\/bsckup.btattorneys.com\/es\/#\/schema\/logo\/image\/\",\"url\":\"https:\/\/bsckup.btattorneys.com\/wp-content\/uploads\/2019\/07\/logo_jpg_color.jpg\",\"contentUrl\":\"https:\/\/bsckup.btattorneys.com\/wp-content\/uploads\/2019\/07\/logo_jpg_color.jpg\",\"width\":1817,\"height\":687,\"caption\":\"BT Law Group, PLLC\"},\"image\":{\"@id\":\"https:\/\/bsckup.btattorneys.com\/es\/#\/schema\/logo\/image\/\"}}]}<\/script>\n<!-- \/ Yoast SEO plugin. -->","yoast_head_json":{"title":"Abogado de Reclamos Falsos en Miami | BT Law | Su abogado de reclamos laborales falsos | BT Law Group, PLLC","description":"Los abogados de reclamos falsos de Miami brindan a los clientes consejos experimentados y perspicaces para manejar todos los aspectos de las investigaciones y litigios de reclamaciones falsas. Llame a nuestros Abogados de Reclamos de Trabajo Falsos ahora.","robots":{"index":"noindex","follow":"follow","max-snippet":"max-snippet:-1","max-image-preview":"max-image-preview:large","max-video-preview":"max-video-preview:-1"},"og_locale":"es_ES","og_type":"article","og_title":"Abogado de Reclamos Falsos en Miami | BT Law | Su abogado de reclamos laborales falsos | BT Law Group, PLLC","og_description":"Los abogados de reclamos falsos de Miami brindan a los clientes consejos experimentados y perspicaces para manejar todos los aspectos de las investigaciones y litigios de reclamaciones falsas. Llame a nuestros Abogados de Reclamos de Trabajo Falsos ahora.","og_url":"https:\/\/bsckup.btattorneys.com\/es\/areas-de-practica-de-derecho-laboral\/ley-de-reclamaciones-falsas\/","og_site_name":"BT Law Group, PLLC","article_modified_time":"2022-11-03T17:17:30+00:00","og_image":[{"width":1817,"height":687,"url":"https:\/\/bsckup.btattorneys.com\/wp-content\/uploads\/2019\/07\/logo_jpg_color.jpg","type":"image\/jpeg"}],"twitter_card":"summary_large_image","twitter_misc":{"Est. reading time":"1 minute"},"schema":{"@context":"https:\/\/schema.org","@graph":[{"@type":"WebPage","@id":"https:\/\/bsckup.btattorneys.com\/es\/areas-de-practica-de-derecho-laboral\/ley-de-reclamaciones-falsas\/","url":"https:\/\/bsckup.btattorneys.com\/es\/areas-de-practica-de-derecho-laboral\/ley-de-reclamaciones-falsas\/","name":"Abogado de Reclamos Falsos en Miami | BT Law | Su abogado de reclamos laborales falsos | BT Law Group, PLLC","isPartOf":{"@id":"https:\/\/bsckup.btattorneys.com\/es\/#website"},"datePublished":"2021-10-22T23:03:53+00:00","dateModified":"2022-11-03T17:17:30+00:00","description":"Los abogados de reclamos falsos de Miami brindan a los clientes consejos experimentados y perspicaces para manejar todos los aspectos de las investigaciones y litigios de reclamaciones falsas. Llame a nuestros Abogados de Reclamos de Trabajo Falsos ahora.","breadcrumb":{"@id":"https:\/\/bsckup.btattorneys.com\/es\/areas-de-practica-de-derecho-laboral\/ley-de-reclamaciones-falsas\/#breadcrumb"},"inLanguage":"es-ES","potentialAction":[{"@type":"ReadAction","target":["https:\/\/bsckup.btattorneys.com\/es\/areas-de-practica-de-derecho-laboral\/ley-de-reclamaciones-falsas\/"]}]},{"@type":"BreadcrumbList","@id":"https:\/\/bsckup.btattorneys.com\/es\/areas-de-practica-de-derecho-laboral\/ley-de-reclamaciones-falsas\/#breadcrumb","itemListElement":[{"@type":"ListItem","position":1,"name":"Home","item":"https:\/\/bsckup.btattorneys.com\/es\/"},{"@type":"ListItem","position":2,"name":"\u00c1reas de Pr\u00e1ctica de Derecho Laboral","item":"https:\/\/bsckup.btattorneys.com\/es\/areas-de-practica-de-derecho-laboral\/"},{"@type":"ListItem","position":3,"name":"Ley de Reclamaciones Falsas"}]},{"@type":"WebSite","@id":"https:\/\/bsckup.btattorneys.com\/es\/#website","url":"https:\/\/bsckup.btattorneys.com\/es\/","name":"BT Law Group, PLLC","description":"Workplace &amp; Business Conflict Advocates in Miami, FL","publisher":{"@id":"https:\/\/bsckup.btattorneys.com\/es\/#organization"},"potentialAction":[{"@type":"SearchAction","target":{"@type":"EntryPoint","urlTemplate":"https:\/\/bsckup.btattorneys.com\/es\/?s={search_term_string}"},"query-input":{"@type":"PropertyValueSpecification","valueRequired":true,"valueName":"search_term_string"}}],"inLanguage":"es-ES"},{"@type":"Organization","@id":"https:\/\/bsckup.btattorneys.com\/es\/#organization","name":"BT Law Group, PLLC","url":"https:\/\/bsckup.btattorneys.com\/es\/","logo":{"@type":"ImageObject","inLanguage":"es-ES","@id":"https:\/\/bsckup.btattorneys.com\/es\/#\/schema\/logo\/image\/","url":"https:\/\/bsckup.btattorneys.com\/wp-content\/uploads\/2019\/07\/logo_jpg_color.jpg","contentUrl":"https:\/\/bsckup.btattorneys.com\/wp-content\/uploads\/2019\/07\/logo_jpg_color.jpg","width":1817,"height":687,"caption":"BT Law Group, PLLC"},"image":{"@id":"https:\/\/bsckup.btattorneys.com\/es\/#\/schema\/logo\/image\/"}}]}},"_links":{"self":[{"href":"https:\/\/bsckup.btattorneys.com\/es\/wp-json\/wp\/v2\/pages\/390","targetHints":{"allow":["GET"]}}],"collection":[{"href":"https:\/\/bsckup.btattorneys.com\/es\/wp-json\/wp\/v2\/pages"}],"about":[{"href":"https:\/\/bsckup.btattorneys.com\/es\/wp-json\/wp\/v2\/types\/page"}],"author":[{"embeddable":true,"href":"https:\/\/bsckup.btattorneys.com\/es\/wp-json\/wp\/v2\/users\/6"}],"replies":[{"embeddable":true,"href":"https:\/\/bsckup.btattorneys.com\/es\/wp-json\/wp\/v2\/comments?post=390"}],"version-history":[{"count":1,"href":"https:\/\/bsckup.btattorneys.com\/es\/wp-json\/wp\/v2\/pages\/390\/revisions"}],"predecessor-version":[{"id":2082,"href":"https:\/\/bsckup.btattorneys.com\/es\/wp-json\/wp\/v2\/pages\/390\/revisions\/2082"}],"up":[{"embeddable":true,"href":"https:\/\/bsckup.btattorneys.com\/es\/wp-json\/wp\/v2\/pages\/606"}],"wp:attachment":[{"href":"https:\/\/bsckup.btattorneys.com\/es\/wp-json\/wp\/v2\/media?parent=390"}],"curies":[{"name":"wp","href":"https:\/\/api.w.org\/{rel}","templated":true}]}}