{"id":2528,"date":"2022-05-27T16:54:06","date_gmt":"2022-05-27T21:54:06","guid":{"rendered":"https:\/\/btlaw.flywheelstaging.com\/?page_id=2528"},"modified":"2024-08-20T10:29:23","modified_gmt":"2024-08-20T15:29:23","slug":"sitemap","status":"publish","type":"page","link":"https:\/\/bsckup.btattorneys.com\/es\/sitemap\/","title":{"rendered":"Sitemap"},"content":{"rendered":"<div class=\"wsp-container\"><h2 class=\"wsp-pages-title\">P\u00e1ginas<\/h2>\n<ul class=\"wsp-pages-list\">\n<li class=\"page_item page-item-606 page_item_has_children\"><a href=\"https:\/\/bsckup.btattorneys.com\/es\/areas-de-practica-de-derecho-laboral\/\">\u00c1reas de Pr\u00e1ctica de Derecho Laboral<\/a>\n<ul class='children'>\n\t<li class=\"page_item page-item-860\"><a href=\"https:\/\/bsckup.btattorneys.com\/es\/areas-de-practica-de-derecho-laboral\/abogado-de-disputas-comerciales-en-miami\/\">Abogados de disputas comerciales en Miami<\/a><\/li>\n\t<li class=\"page_item page-item-1773\"><a href=\"https:\/\/bsckup.btattorneys.com\/es\/areas-de-practica-de-derecho-laboral\/abogados-en-miami-fl-con-experiencia-en-resolucion-alternativa-de-conflictos\/\">Abogados en Miami, FL con Experiencia en Resolucion Alternativa de Conflictos<\/a><\/li>\n\t<li class=\"page_item page-item-393\"><a href=\"https:\/\/bsckup.btattorneys.com\/es\/areas-de-practica-de-derecho-laboral\/abogados-en-miami-fl-sobre-asuntos-de-fraude\/\">Abogados en Miami, FL Sobre Asuntos de Fraude<\/a><\/li>\n\t<li class=\"page_item page-item-411\"><a href=\"https:\/\/bsckup.btattorneys.com\/es\/areas-de-practica-de-derecho-laboral\/abogados-sobre-sueldos-sin-pagar-en-miami-florida\/\">Abogados Sobre Sueldos Sin Pagar en Miami, Florida<\/a><\/li>\n\t<li class=\"page_item page-item-402\"><a href=\"https:\/\/bsckup.btattorneys.com\/es\/areas-de-practica-de-derecho-laboral\/acciones-colectivas\/\">Acciones colectivas<\/a><\/li>\n\t<li class=\"page_item page-item-410\"><a href=\"https:\/\/bsckup.btattorneys.com\/es\/areas-de-practica-de-derecho-laboral\/acoso-sexual\/\">Acoso sexual<\/a><\/li>\n\t<li class=\"page_item page-item-384 page_item_has_children\"><a href=\"https:\/\/bsckup.btattorneys.com\/es\/areas-de-practica-de-derecho-laboral\/acuerdos-de-empleo\/\">Acuerdos de empleo<\/a>\n\t<ul class='children'>\n\t\t<li class=\"page_item page-item-387\"><a href=\"https:\/\/bsckup.btattorneys.com\/es\/areas-de-practica-de-derecho-laboral\/acuerdos-de-empleo\/abogados-de-acuerdos-de-separacion-o-indemnizacion-al-trabajador\/\">Abogados de Acuerdos de Separaci\u00f3n o Indemnizaci\u00f3n al Trabajador<\/a><\/li>\n\t\t<li class=\"page_item page-item-385\"><a href=\"https:\/\/bsckup.btattorneys.com\/es\/areas-de-practica-de-derecho-laboral\/acuerdos-de-empleo\/formacion-de-contratos\/\">Formaci\u00f3n de Contratos<\/a><\/li>\n\t\t<li class=\"page_item page-item-388\"><a href=\"https:\/\/bsckup.btattorneys.com\/es\/areas-de-practica-de-derecho-laboral\/acuerdos-de-empleo\/no-competencia-y-proteccion-contra-la-competencia-desleal\/\">No Competencia y Protecci\u00f3n Contra la Competencia Desleal<\/a><\/li>\n\t\t<li class=\"page_item page-item-389\"><a href=\"https:\/\/bsckup.btattorneys.com\/es\/areas-de-practica-de-derecho-laboral\/acuerdos-de-empleo\/no-divulgacion\/\">No Divulgaci\u00f3n<\/a><\/li>\n\t<\/ul>\n<\/li>\n\t<li class=\"page_item page-item-400\"><a href=\"https:\/\/bsckup.btattorneys.com\/es\/areas-de-practica-de-derecho-laboral\/asesoramiento-a-empresas\/\">Asesoramiento a Empresas<\/a><\/li>\n\t<li class=\"page_item page-item-373\"><a href=\"https:\/\/bsckup.btattorneys.com\/es\/areas-de-practica-de-derecho-laboral\/auditoria-de-cumplimiento\/\">Auditor\u00eda de Cumplimiento<\/a><\/li>\n\t<li class=\"page_item page-item-412\"><a href=\"https:\/\/bsckup.btattorneys.com\/es\/areas-de-practica-de-derecho-laboral\/auditorias\/\">Auditor\u00edas<\/a><\/li>\n\t<li class=\"page_item page-item-398\"><a href=\"https:\/\/bsckup.btattorneys.com\/es\/areas-de-practica-de-derecho-laboral\/contratista-independiente\/\">Contratista independiente<\/a><\/li>\n\t<li class=\"page_item page-item-392\"><a href=\"https:\/\/bsckup.btattorneys.com\/es\/areas-de-practica-de-derecho-laboral\/defensa-de-faragher-ellerth\/\">Defensa de Faragher\/Ellerth<\/a><\/li>\n\t<li class=\"page_item page-item-405\"><a href=\"https:\/\/bsckup.btattorneys.com\/es\/areas-de-practica-de-derecho-laboral\/denunciante\/\">Denunciante<\/a><\/li>\n\t<li class=\"page_item page-item-413\"><a href=\"https:\/\/bsckup.btattorneys.com\/es\/areas-de-practica-de-derecho-laboral\/despido-injusto\/\">Despido Injusto<\/a><\/li>\n\t<li class=\"page_item page-item-401\"><a href=\"https:\/\/bsckup.btattorneys.com\/es\/areas-de-practica-de-derecho-laboral\/despidos-masivos-ley-warn\/\">Despidos masivos (Ley WARN)<\/a><\/li>\n\t<li class=\"page_item page-item-374 page_item_has_children\"><a href=\"https:\/\/bsckup.btattorneys.com\/es\/areas-de-practica-de-derecho-laboral\/discriminacion\/\">Discriminaci\u00f3n<\/a>\n\t<ul class='children'>\n\t\t<li class=\"page_item page-item-865\"><a href=\"https:\/\/bsckup.btattorneys.com\/es\/areas-de-practica-de-derecho-laboral\/discriminacion\/abogado-de-discapacidad-y-adaptaciones-razonables-de-miami\/\">Abogado de Discapacidad y Adaptaciones Razonables de Miami<\/a><\/li>\n\t\t<li class=\"page_item page-item-867\"><a href=\"https:\/\/bsckup.btattorneys.com\/es\/areas-de-practica-de-derecho-laboral\/discriminacion\/abogados-de-acomodaciones-por-creencias-religiosas-en-miami\/\">Abogados de acomodaciones por creencias religiosas en Miami<\/a><\/li>\n\t\t<li class=\"page_item page-item-375\"><a href=\"https:\/\/bsckup.btattorneys.com\/es\/areas-de-practica-de-derecho-laboral\/discriminacion\/edad\/\">Edad<\/a><\/li>\n\t\t<li class=\"page_item page-item-379\"><a href=\"https:\/\/bsckup.btattorneys.com\/es\/areas-de-practica-de-derecho-laboral\/discriminacion\/embarazo\/\">Embarazo<\/a><\/li>\n\t\t<li class=\"page_item page-item-377\"><a href=\"https:\/\/bsckup.btattorneys.com\/es\/areas-de-practica-de-derecho-laboral\/discriminacion\/estado-civil\/\">Estado civil<\/a><\/li>\n\t\t<li class=\"page_item page-item-378\"><a href=\"https:\/\/bsckup.btattorneys.com\/es\/areas-de-practica-de-derecho-laboral\/discriminacion\/nacionalidad-de-origen\/\">Nacionalidad de Origen<\/a><\/li>\n\t\t<li class=\"page_item page-item-380\"><a href=\"https:\/\/bsckup.btattorneys.com\/es\/areas-de-practica-de-derecho-laboral\/discriminacion\/raza\/\">Raza<\/a><\/li>\n\t\t<li class=\"page_item page-item-381\"><a href=\"https:\/\/bsckup.btattorneys.com\/es\/areas-de-practica-de-derecho-laboral\/discriminacion\/religion-y-creencia-religiosa\/\">Religi\u00f3n y Creencia Religiosa<\/a><\/li>\n\t\t<li class=\"page_item page-item-382\"><a href=\"https:\/\/bsckup.btattorneys.com\/es\/areas-de-practica-de-derecho-laboral\/discriminacion\/sexo-genero\/\">Sexo\/G\u00e9nero<\/a><\/li>\n\t<\/ul>\n<\/li>\n\t<li class=\"page_item page-item-396 page_item_has_children\"><a href=\"https:\/\/bsckup.btattorneys.com\/es\/areas-de-practica-de-derecho-laboral\/entorno-de-trabajo-hostil\/\">Entorno de trabajo hostil<\/a>\n\t<ul class='children'>\n\t\t<li class=\"page_item page-item-397\"><a href=\"https:\/\/bsckup.btattorneys.com\/es\/areas-de-practica-de-derecho-laboral\/entorno-de-trabajo-hostil\/demostrar-reclamaciones-de-entorno-de-trabajo-hostil\/\">Demostrar reclamaciones de entorno de trabajo hostil<\/a><\/li>\n\t<\/ul>\n<\/li>\n\t<li class=\"page_item page-item-399\"><a href=\"https:\/\/bsckup.btattorneys.com\/es\/areas-de-practica-de-derecho-laboral\/investigaciones-internas\/\">Investigaciones Internas<\/a><\/li>\n\t<li class=\"page_item page-item-391\"><a href=\"https:\/\/bsckup.btattorneys.com\/es\/areas-de-practica-de-derecho-laboral\/ley-de-licencia-familiar-y-medica\/\">Ley de Licencia Familiar y M\u00e9dica<\/a><\/li>\n\t<li class=\"page_item page-item-390\"><a href=\"https:\/\/bsckup.btattorneys.com\/es\/areas-de-practica-de-derecho-laboral\/ley-de-reclamaciones-falsas\/\">Ley de Reclamaciones Falsas<\/a><\/li>\n\t<li class=\"page_item page-item-383\"><a href=\"https:\/\/bsckup.btattorneys.com\/es\/areas-de-practica-de-derecho-laboral\/lugar-de-trabajo-libre-de-drogas\/\">Lugar de Trabajo Libre de Drogas<\/a><\/li>\n\t<li class=\"page_item page-item-406\"><a href=\"https:\/\/bsckup.btattorneys.com\/es\/areas-de-practica-de-derecho-laboral\/nueva-guia-para-empleadores\/\">Nueva Gu\u00eda Para Empleadores<\/a><\/li>\n\t<li class=\"page_item page-item-408\"><a href=\"https:\/\/bsckup.btattorneys.com\/es\/areas-de-practica-de-derecho-laboral\/prueba-de-reclamaciones-de-acoso-sexual-ambiente-de-trabajo-hostil\/\">Prueba de reclamaciones de acoso sexual\/ambiente de trabajo hostil<\/a><\/li>\n\t<li class=\"page_item page-item-409\"><a href=\"https:\/\/bsckup.btattorneys.com\/es\/areas-de-practica-de-derecho-laboral\/reducciones-de-personal\/\">Reducciones de Personal<\/a><\/li>\n\t<li class=\"page_item page-item-403\"><a href=\"https:\/\/bsckup.btattorneys.com\/es\/areas-de-practica-de-derecho-laboral\/represalias-denunciantes\/\">Represalias\/Denunciantes<\/a><\/li>\n\t<li class=\"page_item page-item-407\"><a href=\"https:\/\/bsckup.btattorneys.com\/es\/areas-de-practica-de-derecho-laboral\/requisitos-de-publicacion\/\">Requisitos de Publicaci\u00f3n<\/a><\/li>\n\t<li class=\"page_item page-item-395\"><a href=\"https:\/\/bsckup.btattorneys.com\/es\/areas-de-practica-de-derecho-laboral\/revision-y-creacion-de-politicas-y-manuales\/\">Revisi\u00f3n y Creaci\u00f3n de Pol\u00edticas y Manuales<\/a><\/li>\n\t<li class=\"page_item page-item-404\"><a href=\"https:\/\/bsckup.btattorneys.com\/es\/areas-de-practica-de-derecho-laboral\/sueldos-y-horas\/\">Sueldos y Horas<\/a><\/li>\n<\/ul>\n<\/li>\n<li class=\"page_item page-item-861\"><a href=\"https:\/\/bsckup.btattorneys.com\/es\/attorney-profiles\/\">Attorney Profiles<\/a><\/li>\n<li class=\"page_item page-item-371 current_page_parent\"><a href=\"https:\/\/bsckup.btattorneys.com\/es\/blog\/\">Blog<\/a><\/li>\n<li class=\"page_item page-item-422\"><a href=\"https:\/\/bsckup.btattorneys.com\/es\/capacitacion-en-el-lugar-de-trabajo\/\">Capacitaci\u00f3n en el Lugar de Trabajo<\/a><\/li>\n<li class=\"page_item page-item-420\"><a href=\"https:\/\/bsckup.btattorneys.com\/es\/representative-cases\/\">Casos Representativos<\/a><\/li>\n<li class=\"page_item page-item-417\"><a href=\"https:\/\/bsckup.btattorneys.com\/es\/clasificacion-erronea-del-empleado\/\">Clasificaci\u00f3n err\u00f3nea del empleado<\/a><\/li>\n<li class=\"page_item page-item-1771\"><a href=\"https:\/\/bsckup.btattorneys.com\/es\/contact-us\/\">Cont\u00e1ctenos<\/a><\/li>\n<li class=\"page_item page-item-419\"><a href=\"https:\/\/bsckup.btattorneys.com\/es\/gestion-del-rendimiento\/\">Gesti\u00f3n del Rendimiento<\/a><\/li>\n<li class=\"page_item page-item-2515\"><a href=\"https:\/\/bsckup.btattorneys.com\/es\/\">Homepage Es<\/a><\/li>\n<li class=\"page_item page-item-415\"><a href=\"https:\/\/bsckup.btattorneys.com\/es\/jason-d-berkowitz\/\">Jason D. Berkowitz<\/a><\/li>\n<li class=\"page_item page-item-386\"><a href=\"https:\/\/bsckup.btattorneys.com\/es\/areas-de-practica-de-derecho-laboral\/acuerdos-de-empleo\/no-solicitacion\/\">No Solicitaci\u00f3n<\/a><\/li>\n<li class=\"page_item page-item-414\"><a href=\"https:\/\/bsckup.btattorneys.com\/es\/politicas-de-empleo\/\">Pol\u00edticas de Empleo<\/a><\/li>\n<li class=\"page_item page-item-421\"><a href=\"https:\/\/bsckup.btattorneys.com\/es\/represalia\/\">Represalia<\/a><\/li>\n<li class=\"page_item page-item-2528\"><a href=\"https:\/\/bsckup.btattorneys.com\/es\/sitemap\/\">Sitemap<\/a><\/li>\n<li class=\"page_item page-item-423\"><a href=\"https:\/\/bsckup.btattorneys.com\/es\/anisley-tarragona\/\">Anisley Tarragona<\/a><\/li>\n<\/ul>\n<\/div>\n","protected":false},"excerpt":{"rendered":"","protected":false},"author":6,"featured_media":0,"parent":0,"menu_order":0,"comment_status":"closed","ping_status":"closed","template":"","meta":{"_acf_changed":false,"inline_featured_image":false,"footnotes":""},"class_list":["post-2528","page","type-page","status-publish","hentry"],"acf":[],"yoast_head":"<!-- This site is optimized with the Yoast SEO plugin v25.6 - https:\/\/yoast.com\/wordpress\/plugins\/seo\/ -->\n<title>Sitemap - BT Law Group, PLLC<\/title>\n<meta name=\"robots\" content=\"noindex, follow, max-snippet:-1, max-image-preview:large, max-video-preview:-1\" \/>\n<meta property=\"og:locale\" content=\"es_ES\" \/>\n<meta property=\"og:type\" content=\"article\" \/>\n<meta property=\"og:title\" content=\"Sitemap - BT Law Group, PLLC\" \/>\n<meta property=\"og:url\" content=\"https:\/\/bsckup.btattorneys.com\/es\/sitemap\/\" \/>\n<meta property=\"og:site_name\" content=\"BT Law Group, PLLC\" \/>\n<meta property=\"article:modified_time\" content=\"2024-08-20T15:29:23+00:00\" \/>\n<meta property=\"og:image\" content=\"https:\/\/bsckup.btattorneys.com\/wp-content\/uploads\/2019\/07\/logo_jpg_color.jpg\" \/>\n\t<meta property=\"og:image:width\" content=\"1817\" \/>\n\t<meta property=\"og:image:height\" content=\"687\" \/>\n\t<meta property=\"og:image:type\" content=\"image\/jpeg\" \/>\n<meta name=\"twitter:card\" content=\"summary_large_image\" \/>\n<script type=\"application\/ld+json\" class=\"yoast-schema-graph\">{\"@context\":\"https:\/\/schema.org\",\"@graph\":[{\"@type\":\"WebPage\",\"@id\":\"https:\/\/bsckup.btattorneys.com\/es\/sitemap\/\",\"url\":\"https:\/\/bsckup.btattorneys.com\/es\/sitemap\/\",\"name\":\"Sitemap - BT Law Group, PLLC\",\"isPartOf\":{\"@id\":\"https:\/\/bsckup.btattorneys.com\/es\/#website\"},\"datePublished\":\"2022-05-27T21:54:06+00:00\",\"dateModified\":\"2024-08-20T15:29:23+00:00\",\"breadcrumb\":{\"@id\":\"https:\/\/bsckup.btattorneys.com\/es\/sitemap\/#breadcrumb\"},\"inLanguage\":\"es-ES\",\"potentialAction\":[{\"@type\":\"ReadAction\",\"target\":[\"https:\/\/bsckup.btattorneys.com\/es\/sitemap\/\"]}]},{\"@type\":\"BreadcrumbList\",\"@id\":\"https:\/\/bsckup.btattorneys.com\/es\/sitemap\/#breadcrumb\",\"itemListElement\":[{\"@type\":\"ListItem\",\"position\":1,\"name\":\"Home\",\"item\":\"https:\/\/bsckup.btattorneys.com\/es\/\"},{\"@type\":\"ListItem\",\"position\":2,\"name\":\"Sitemap\"}]},{\"@type\":\"WebSite\",\"@id\":\"https:\/\/bsckup.btattorneys.com\/es\/#website\",\"url\":\"https:\/\/bsckup.btattorneys.com\/es\/\",\"name\":\"BT Law Group, PLLC\",\"description\":\"Workplace &amp; Business Conflict Advocates in Miami, FL\",\"publisher\":{\"@id\":\"https:\/\/bsckup.btattorneys.com\/es\/#organization\"},\"potentialAction\":[{\"@type\":\"SearchAction\",\"target\":{\"@type\":\"EntryPoint\",\"urlTemplate\":\"https:\/\/bsckup.btattorneys.com\/es\/?s={search_term_string}\"},\"query-input\":{\"@type\":\"PropertyValueSpecification\",\"valueRequired\":true,\"valueName\":\"search_term_string\"}}],\"inLanguage\":\"es-ES\"},{\"@type\":\"Organization\",\"@id\":\"https:\/\/bsckup.btattorneys.com\/es\/#organization\",\"name\":\"BT Law Group, PLLC\",\"url\":\"https:\/\/bsckup.btattorneys.com\/es\/\",\"logo\":{\"@type\":\"ImageObject\",\"inLanguage\":\"es-ES\",\"@id\":\"https:\/\/bsckup.btattorneys.com\/es\/#\/schema\/logo\/image\/\",\"url\":\"https:\/\/bsckup.btattorneys.com\/wp-content\/uploads\/2019\/07\/logo_jpg_color.jpg\",\"contentUrl\":\"https:\/\/bsckup.btattorneys.com\/wp-content\/uploads\/2019\/07\/logo_jpg_color.jpg\",\"width\":1817,\"height\":687,\"caption\":\"BT Law Group, PLLC\"},\"image\":{\"@id\":\"https:\/\/bsckup.btattorneys.com\/es\/#\/schema\/logo\/image\/\"}}]}<\/script>\n<!-- \/ Yoast SEO plugin. -->","yoast_head_json":{"title":"Sitemap - BT Law Group, PLLC","robots":{"index":"noindex","follow":"follow","max-snippet":"max-snippet:-1","max-image-preview":"max-image-preview:large","max-video-preview":"max-video-preview:-1"},"og_locale":"es_ES","og_type":"article","og_title":"Sitemap - BT Law Group, PLLC","og_url":"https:\/\/bsckup.btattorneys.com\/es\/sitemap\/","og_site_name":"BT Law Group, PLLC","article_modified_time":"2024-08-20T15:29:23+00:00","og_image":[{"width":1817,"height":687,"url":"https:\/\/bsckup.btattorneys.com\/wp-content\/uploads\/2019\/07\/logo_jpg_color.jpg","type":"image\/jpeg"}],"twitter_card":"summary_large_image","schema":{"@context":"https:\/\/schema.org","@graph":[{"@type":"WebPage","@id":"https:\/\/bsckup.btattorneys.com\/es\/sitemap\/","url":"https:\/\/bsckup.btattorneys.com\/es\/sitemap\/","name":"Sitemap - BT Law Group, PLLC","isPartOf":{"@id":"https:\/\/bsckup.btattorneys.com\/es\/#website"},"datePublished":"2022-05-27T21:54:06+00:00","dateModified":"2024-08-20T15:29:23+00:00","breadcrumb":{"@id":"https:\/\/bsckup.btattorneys.com\/es\/sitemap\/#breadcrumb"},"inLanguage":"es-ES","potentialAction":[{"@type":"ReadAction","target":["https:\/\/bsckup.btattorneys.com\/es\/sitemap\/"]}]},{"@type":"BreadcrumbList","@id":"https:\/\/bsckup.btattorneys.com\/es\/sitemap\/#breadcrumb","itemListElement":[{"@type":"ListItem","position":1,"name":"Home","item":"https:\/\/bsckup.btattorneys.com\/es\/"},{"@type":"ListItem","position":2,"name":"Sitemap"}]},{"@type":"WebSite","@id":"https:\/\/bsckup.btattorneys.com\/es\/#website","url":"https:\/\/bsckup.btattorneys.com\/es\/","name":"BT Law Group, PLLC","description":"Workplace &amp; Business Conflict Advocates in Miami, FL","publisher":{"@id":"https:\/\/bsckup.btattorneys.com\/es\/#organization"},"potentialAction":[{"@type":"SearchAction","target":{"@type":"EntryPoint","urlTemplate":"https:\/\/bsckup.btattorneys.com\/es\/?s={search_term_string}"},"query-input":{"@type":"PropertyValueSpecification","valueRequired":true,"valueName":"search_term_string"}}],"inLanguage":"es-ES"},{"@type":"Organization","@id":"https:\/\/bsckup.btattorneys.com\/es\/#organization","name":"BT Law Group, PLLC","url":"https:\/\/bsckup.btattorneys.com\/es\/","logo":{"@type":"ImageObject","inLanguage":"es-ES","@id":"https:\/\/bsckup.btattorneys.com\/es\/#\/schema\/logo\/image\/","url":"https:\/\/bsckup.btattorneys.com\/wp-content\/uploads\/2019\/07\/logo_jpg_color.jpg","contentUrl":"https:\/\/bsckup.btattorneys.com\/wp-content\/uploads\/2019\/07\/logo_jpg_color.jpg","width":1817,"height":687,"caption":"BT Law Group, PLLC"},"image":{"@id":"https:\/\/bsckup.btattorneys.com\/es\/#\/schema\/logo\/image\/"}}]}},"_links":{"self":[{"href":"https:\/\/bsckup.btattorneys.com\/es\/wp-json\/wp\/v2\/pages\/2528","targetHints":{"allow":["GET"]}}],"collection":[{"href":"https:\/\/bsckup.btattorneys.com\/es\/wp-json\/wp\/v2\/pages"}],"about":[{"href":"https:\/\/bsckup.btattorneys.com\/es\/wp-json\/wp\/v2\/types\/page"}],"author":[{"embeddable":true,"href":"https:\/\/bsckup.btattorneys.com\/es\/wp-json\/wp\/v2\/users\/6"}],"replies":[{"embeddable":true,"href":"https:\/\/bsckup.btattorneys.com\/es\/wp-json\/wp\/v2\/comments?post=2528"}],"version-history":[{"count":1,"href":"https:\/\/bsckup.btattorneys.com\/es\/wp-json\/wp\/v2\/pages\/2528\/revisions"}],"predecessor-version":[{"id":2529,"href":"https:\/\/bsckup.btattorneys.com\/es\/wp-json\/wp\/v2\/pages\/2528\/revisions\/2529"}],"wp:attachment":[{"href":"https:\/\/bsckup.btattorneys.com\/es\/wp-json\/wp\/v2\/media?parent=2528"}],"curies":[{"name":"wp","href":"https:\/\/api.w.org\/{rel}","templated":true}]}}